{"id":3502,"date":"2023-12-01T10:55:35","date_gmt":"2023-12-01T10:55:35","guid":{"rendered":"https:\/\/www.azza-services.com\/?page_id=3502"},"modified":"2024-06-14T10:07:45","modified_gmt":"2024-06-14T10:07:45","slug":"contact","status":"publish","type":"page","link":"https:\/\/www.azza-services.com\/en\/contact\/","title":{"rendered":"Contact"},"content":{"rendered":"<div data-elementor-type=\"wp-page\" data-elementor-id=\"3502\" class=\"elementor elementor-3502\" data-elementor-post-type=\"page\">\n\t\t\t\t<div class=\"elementor-element elementor-element-e03f4ca e-con-full e-flex qodef-elementor-content-no e-con e-parent\" data-id=\"e03f4ca\" data-element_type=\"container\">\n\t\t<div class=\"elementor-element elementor-element-ec1cb37 e-con-full e-flex qodef-elementor-content-no e-con e-child\" data-id=\"ec1cb37\" data-element_type=\"container\">\n\t\t\t\t<div class=\"elementor-element elementor-element-9a96891 elementor-widget__width-initial elementor-widget elementor-widget-image\" data-id=\"9a96891\" data-element_type=\"widget\" data-widget_type=\"image.default\">\n\t\t\t\t<div class=\"elementor-widget-container\">\n\t\t\t\t\t\t\t\t\t\t\t\t\t\t\t<img fetchpriority=\"high\" decoding=\"async\" width=\"3398\" height=\"1872\" src=\"https:\/\/www.azza-services.com\/wp-content\/uploads\/2023\/12\/contact_azza.png\" class=\"attachment-full size-full wp-image-3505\" alt=\"\" srcset=\"https:\/\/www.azza-services.com\/wp-content\/uploads\/2023\/12\/contact_azza.png 3398w, https:\/\/www.azza-services.com\/wp-content\/uploads\/2023\/12\/contact_azza-300x165.png 300w, https:\/\/www.azza-services.com\/wp-content\/uploads\/2023\/12\/contact_azza-1024x564.png 1024w, https:\/\/www.azza-services.com\/wp-content\/uploads\/2023\/12\/contact_azza-768x423.png 768w, https:\/\/www.azza-services.com\/wp-content\/uploads\/2023\/12\/contact_azza-1536x846.png 1536w, https:\/\/www.azza-services.com\/wp-content\/uploads\/2023\/12\/contact_azza-2048x1128.png 2048w\" sizes=\"(max-width: 3398px) 100vw, 3398px\" \/>\t\t\t\t\t\t\t\t\t\t\t\t\t\t\t<\/div>\n\t\t\t\t<\/div>\n\t\t\t\t<\/div>\n\t\t\t\t<\/div>\n\t\t<div class=\"elementor-element elementor-element-1da4761 e-con-full e-flex qodef-elementor-content-no e-con e-parent\" data-id=\"1da4761\" data-element_type=\"container\">\n\t\t<div class=\"elementor-element elementor-element-e34e8bf e-con-full elementor-hidden-tablet e-flex qodef-elementor-content-no e-con e-child\" data-id=\"e34e8bf\" data-element_type=\"container\">\n\t\t\t\t<\/div>\n\t\t<div class=\"elementor-element elementor-element-5e8ee82 e-con-full elementor-hidden-mobile elementor-hidden-tablet e-flex qodef-elementor-content-no e-con e-child\" data-id=\"5e8ee82\" data-element_type=\"container\">\n\t\t\t\t<div class=\"elementor-element elementor-element-cff437c elementor-widget__width-initial elementor-hidden-tablet elementor-widget elementor-widget-image\" data-id=\"cff437c\" data-element_type=\"widget\" data-widget_type=\"image.default\">\n\t\t\t\t<div class=\"elementor-widget-container\">\n\t\t\t\t\t\t\t\t\t\t\t\t\t\t\t<img decoding=\"async\" width=\"876\" height=\"2778\" src=\"https:\/\/www.azza-services.com\/wp-content\/uploads\/2023\/12\/Barre_azza.png\" class=\"attachment-full size-full wp-image-3509\" alt=\"\" srcset=\"https:\/\/www.azza-services.com\/wp-content\/uploads\/2023\/12\/Barre_azza.png 876w, https:\/\/www.azza-services.com\/wp-content\/uploads\/2023\/12\/Barre_azza-95x300.png 95w, https:\/\/www.azza-services.com\/wp-content\/uploads\/2023\/12\/Barre_azza-323x1024.png 323w, https:\/\/www.azza-services.com\/wp-content\/uploads\/2023\/12\/Barre_azza-768x2436.png 768w, https:\/\/www.azza-services.com\/wp-content\/uploads\/2023\/12\/Barre_azza-484x1536.png 484w, https:\/\/www.azza-services.com\/wp-content\/uploads\/2023\/12\/Barre_azza-646x2048.png 646w\" sizes=\"(max-width: 876px) 100vw, 876px\" \/>\t\t\t\t\t\t\t\t\t\t\t\t\t\t\t<\/div>\n\t\t\t\t<\/div>\n\t\t\t\t<\/div>\n\t\t<div class=\"elementor-element elementor-element-85b792a e-con-full e-flex qodef-elementor-content-no e-con e-child\" data-id=\"85b792a\" data-element_type=\"container\">\n\t\t\t\t<div class=\"elementor-element elementor-element-1e2e454 elementor-invisible elementor-widget elementor-widget-heading\" data-id=\"1e2e454\" data-element_type=\"widget\" data-settings=\"{&quot;_animation&quot;:&quot;fadeIn&quot;,&quot;_animation_delay&quot;:100}\" data-widget_type=\"heading.default\">\n\t\t\t\t<div class=\"elementor-widget-container\">\n\t\t\t\t\t<h2 class=\"elementor-heading-title elementor-size-default\">For more informations, contact us<\/h2>\t\t\t\t<\/div>\n\t\t\t\t<\/div>\n\t\t\t\t<div class=\"elementor-element elementor-element-50e0b79 elementor-widget__width-initial elementor-invisible elementor-widget elementor-widget-heading\" data-id=\"50e0b79\" data-element_type=\"widget\" data-settings=\"{&quot;_animation&quot;:&quot;fadeIn&quot;,&quot;_animation_delay&quot;:150}\" data-widget_type=\"heading.default\">\n\t\t\t\t<div class=\"elementor-widget-container\">\n\t\t\t\t\t<h2 class=\"elementor-heading-title elementor-size-default\">PHONE<\/h2>\t\t\t\t<\/div>\n\t\t\t\t<\/div>\n\t\t\t\t<div class=\"elementor-element elementor-element-ce8dc30 elementor-widget__width-initial elementor-invisible elementor-widget elementor-widget-text-editor\" data-id=\"ce8dc30\" data-element_type=\"widget\" data-settings=\"{&quot;_animation&quot;:&quot;fadeIn&quot;,&quot;_animation_delay&quot;:150}\" data-widget_type=\"text-editor.default\">\n\t\t\t\t<div class=\"elementor-widget-container\">\n\t\t\t\t\t\t\t\t\t<p>+ 33 6 95 05 52 73<\/p>\t\t\t\t\t\t\t\t<\/div>\n\t\t\t\t<\/div>\n\t\t\t\t<div class=\"elementor-element elementor-element-2f0e526 elementor-widget__width-initial elementor-invisible elementor-widget elementor-widget-heading\" data-id=\"2f0e526\" data-element_type=\"widget\" data-settings=\"{&quot;_animation&quot;:&quot;fadeIn&quot;,&quot;_animation_delay&quot;:200}\" data-widget_type=\"heading.default\">\n\t\t\t\t<div class=\"elementor-widget-container\">\n\t\t\t\t\t<h2 class=\"elementor-heading-title elementor-size-default\">MAIL<\/h2>\t\t\t\t<\/div>\n\t\t\t\t<\/div>\n\t\t\t\t<div class=\"elementor-element elementor-element-a90eb14 elementor-widget__width-initial elementor-invisible elementor-widget elementor-widget-text-editor\" data-id=\"a90eb14\" data-element_type=\"widget\" data-settings=\"{&quot;_animation&quot;:&quot;fadeIn&quot;,&quot;_animation_delay&quot;:200}\" data-widget_type=\"text-editor.default\">\n\t\t\t\t<div class=\"elementor-widget-container\">\n\t\t\t\t\t\t\t\t\t<p><a href=\"mailto:contact@azzaservices.com\" target=\"_blank\" rel=\"noopener\">contact@azzaservices.com<\/a><\/p>\t\t\t\t\t\t\t\t<\/div>\n\t\t\t\t<\/div>\n\t\t\t\t<div class=\"elementor-element elementor-element-1756b78 elementor-widget__width-initial elementor-invisible elementor-widget elementor-widget-heading\" data-id=\"1756b78\" data-element_type=\"widget\" data-settings=\"{&quot;_animation&quot;:&quot;fadeIn&quot;,&quot;_animation_delay&quot;:250}\" data-widget_type=\"heading.default\">\n\t\t\t\t<div class=\"elementor-widget-container\">\n\t\t\t\t\t<h2 class=\"elementor-heading-title elementor-size-default\">THE AGENCY<\/h2>\t\t\t\t<\/div>\n\t\t\t\t<\/div>\n\t\t\t\t<div class=\"elementor-element elementor-element-9731496 elementor-widget__width-initial elementor-invisible elementor-widget elementor-widget-text-editor\" data-id=\"9731496\" data-element_type=\"widget\" data-settings=\"{&quot;_animation&quot;:&quot;fadeIn&quot;,&quot;_animation_delay&quot;:250}\" data-widget_type=\"text-editor.default\">\n\t\t\t\t<div class=\"elementor-widget-container\">\n\t\t\t\t\t\t\t\t\t<p>Quai Wilson 45, 1201 Gen\u00e8ve &#8211; Suisse<\/p>\t\t\t\t\t\t\t\t<\/div>\n\t\t\t\t<\/div>\n\t\t\t\t<\/div>\n\t\t\t\t<\/div>\n\t\t\t\t<\/div>","protected":false},"excerpt":{"rendered":"<p>Pour plus d&rsquo;informations, contactez-nous T\u00c9L\u00c9PHONE + 33 6 95 05 52 73 MAIL contact@azzaservices.com AGENCE Quai Wilson 45, 1201 Gen\u00e8ve &#8211; Suisse<\/p>","protected":false},"author":1,"featured_media":0,"parent":0,"menu_order":0,"comment_status":"closed","ping_status":"closed","template":"qi-full-width.php","meta":{"footnotes":""},"class_list":["post-3502","page","type-page","status-publish","hentry"],"yoast_head":"<!-- This site is optimized with the Yoast SEO plugin v25.1 - https:\/\/yoast.com\/wordpress\/plugins\/seo\/ -->\n<title>Contact - AZZA<\/title>\n<meta name=\"description\" content=\"Contactez-nous d\u00e8s aujourd&#039;hui pour en savoir plus sur la fa\u00e7on dont nous pouvons simplifier la gestion de vos biens immobiliers.\" \/>\n<meta name=\"robots\" content=\"index, follow, max-snippet:-1, max-image-preview:large, max-video-preview:-1\" \/>\n<link rel=\"canonical\" href=\"https:\/\/www.azza-services.com\/en\/contact\/\" \/>\n<meta property=\"og:locale\" content=\"en_GB\" \/>\n<meta property=\"og:type\" content=\"article\" \/>\n<meta property=\"og:title\" content=\"Contact - AZZA\" \/>\n<meta property=\"og:description\" content=\"Contactez-nous d\u00e8s aujourd&#039;hui pour en savoir plus sur la fa\u00e7on dont nous pouvons simplifier la gestion de vos biens immobiliers.\" \/>\n<meta property=\"og:url\" content=\"https:\/\/www.azza-services.com\/en\/contact\/\" \/>\n<meta property=\"og:site_name\" content=\"AZZA\" \/>\n<meta property=\"article:modified_time\" content=\"2024-06-14T10:07:45+00:00\" \/>\n<meta property=\"og:image\" content=\"https:\/\/www.azza-services.com\/wp-content\/uploads\/2023\/12\/contact_azza.png\" \/>\n<meta name=\"twitter:card\" content=\"summary_large_image\" \/>\n<meta name=\"twitter:label1\" content=\"Estimated reading time\" \/>\n\t<meta name=\"twitter:data1\" content=\"1 minute\" \/>\n<script type=\"application\/ld+json\" class=\"yoast-schema-graph\">{\"@context\":\"https:\/\/schema.org\",\"@graph\":[{\"@type\":\"WebPage\",\"@id\":\"https:\/\/www.azza-services.com\/contact\/\",\"url\":\"https:\/\/www.azza-services.com\/contact\/\",\"name\":\"Contact - AZZA\",\"isPartOf\":{\"@id\":\"https:\/\/www.azza-services.com\/#website\"},\"primaryImageOfPage\":{\"@id\":\"https:\/\/www.azza-services.com\/contact\/#primaryimage\"},\"image\":{\"@id\":\"https:\/\/www.azza-services.com\/contact\/#primaryimage\"},\"thumbnailUrl\":\"https:\/\/www.azza-services.com\/wp-content\/uploads\/2023\/12\/contact_azza.png\",\"datePublished\":\"2023-12-01T10:55:35+00:00\",\"dateModified\":\"2024-06-14T10:07:45+00:00\",\"description\":\"Contactez-nous d\u00e8s aujourd'hui pour en savoir plus sur la fa\u00e7on dont nous pouvons simplifier la gestion de vos biens immobiliers.\",\"breadcrumb\":{\"@id\":\"https:\/\/www.azza-services.com\/contact\/#breadcrumb\"},\"inLanguage\":\"en-GB\",\"potentialAction\":[{\"@type\":\"ReadAction\",\"target\":[\"https:\/\/www.azza-services.com\/contact\/\"]}]},{\"@type\":\"ImageObject\",\"inLanguage\":\"en-GB\",\"@id\":\"https:\/\/www.azza-services.com\/contact\/#primaryimage\",\"url\":\"https:\/\/www.azza-services.com\/wp-content\/uploads\/2023\/12\/contact_azza.png\",\"contentUrl\":\"https:\/\/www.azza-services.com\/wp-content\/uploads\/2023\/12\/contact_azza.png\"},{\"@type\":\"BreadcrumbList\",\"@id\":\"https:\/\/www.azza-services.com\/contact\/#breadcrumb\",\"itemListElement\":[{\"@type\":\"ListItem\",\"position\":1,\"name\":\"Accueil\",\"item\":\"https:\/\/www.azza-services.com\/\"},{\"@type\":\"ListItem\",\"position\":2,\"name\":\"Contact\"}]},{\"@type\":\"WebSite\",\"@id\":\"https:\/\/www.azza-services.com\/#website\",\"url\":\"https:\/\/www.azza-services.com\/\",\"name\":\"AZZA\",\"description\":\"Services\",\"publisher\":{\"@id\":\"https:\/\/www.azza-services.com\/#organization\"},\"potentialAction\":[{\"@type\":\"SearchAction\",\"target\":{\"@type\":\"EntryPoint\",\"urlTemplate\":\"https:\/\/www.azza-services.com\/?s={search_term_string}\"},\"query-input\":{\"@type\":\"PropertyValueSpecification\",\"valueRequired\":true,\"valueName\":\"search_term_string\"}}],\"inLanguage\":\"en-GB\"},{\"@type\":\"Organization\",\"@id\":\"https:\/\/www.azza-services.com\/#organization\",\"name\":\"Services\",\"url\":\"https:\/\/www.azza-services.com\/\",\"logo\":{\"@type\":\"ImageObject\",\"inLanguage\":\"en-GB\",\"@id\":\"https:\/\/www.azza-services.com\/#\/schema\/logo\/image\/\",\"url\":\"https:\/\/www.azza-services.com\/wp-content\/uploads\/2023\/11\/cropped-SYMBOLE_NUDE-2.jpg\",\"contentUrl\":\"https:\/\/www.azza-services.com\/wp-content\/uploads\/2023\/11\/cropped-SYMBOLE_NUDE-2.jpg\",\"width\":512,\"height\":512,\"caption\":\"Services\"},\"image\":{\"@id\":\"https:\/\/www.azza-services.com\/#\/schema\/logo\/image\/\"}}]}<\/script>\n<!-- \/ Yoast SEO plugin. -->","yoast_head_json":{"title":"Contact - AZZA","description":"Contactez-nous d\u00e8s aujourd'hui pour en savoir plus sur la fa\u00e7on dont nous pouvons simplifier la gestion de vos biens immobiliers.","robots":{"index":"index","follow":"follow","max-snippet":"max-snippet:-1","max-image-preview":"max-image-preview:large","max-video-preview":"max-video-preview:-1"},"canonical":"https:\/\/www.azza-services.com\/en\/contact\/","og_locale":"en_GB","og_type":"article","og_title":"Contact - AZZA","og_description":"Contactez-nous d\u00e8s aujourd'hui pour en savoir plus sur la fa\u00e7on dont nous pouvons simplifier la gestion de vos biens immobiliers.","og_url":"https:\/\/www.azza-services.com\/en\/contact\/","og_site_name":"AZZA","article_modified_time":"2024-06-14T10:07:45+00:00","og_image":[{"url":"https:\/\/www.azza-services.com\/wp-content\/uploads\/2023\/12\/contact_azza.png","type":"","width":"","height":""}],"twitter_card":"summary_large_image","twitter_misc":{"Estimated reading time":"1 minute"},"schema":{"@context":"https:\/\/schema.org","@graph":[{"@type":"WebPage","@id":"https:\/\/www.azza-services.com\/contact\/","url":"https:\/\/www.azza-services.com\/contact\/","name":"Contact - AZZA","isPartOf":{"@id":"https:\/\/www.azza-services.com\/#website"},"primaryImageOfPage":{"@id":"https:\/\/www.azza-services.com\/contact\/#primaryimage"},"image":{"@id":"https:\/\/www.azza-services.com\/contact\/#primaryimage"},"thumbnailUrl":"https:\/\/www.azza-services.com\/wp-content\/uploads\/2023\/12\/contact_azza.png","datePublished":"2023-12-01T10:55:35+00:00","dateModified":"2024-06-14T10:07:45+00:00","description":"Contactez-nous d\u00e8s aujourd'hui pour en savoir plus sur la fa\u00e7on dont nous pouvons simplifier la gestion de vos biens immobiliers.","breadcrumb":{"@id":"https:\/\/www.azza-services.com\/contact\/#breadcrumb"},"inLanguage":"en-GB","potentialAction":[{"@type":"ReadAction","target":["https:\/\/www.azza-services.com\/contact\/"]}]},{"@type":"ImageObject","inLanguage":"en-GB","@id":"https:\/\/www.azza-services.com\/contact\/#primaryimage","url":"https:\/\/www.azza-services.com\/wp-content\/uploads\/2023\/12\/contact_azza.png","contentUrl":"https:\/\/www.azza-services.com\/wp-content\/uploads\/2023\/12\/contact_azza.png"},{"@type":"BreadcrumbList","@id":"https:\/\/www.azza-services.com\/contact\/#breadcrumb","itemListElement":[{"@type":"ListItem","position":1,"name":"Accueil","item":"https:\/\/www.azza-services.com\/"},{"@type":"ListItem","position":2,"name":"Contact"}]},{"@type":"WebSite","@id":"https:\/\/www.azza-services.com\/#website","url":"https:\/\/www.azza-services.com\/","name":"AZZA","description":"Services","publisher":{"@id":"https:\/\/www.azza-services.com\/#organization"},"potentialAction":[{"@type":"SearchAction","target":{"@type":"EntryPoint","urlTemplate":"https:\/\/www.azza-services.com\/?s={search_term_string}"},"query-input":{"@type":"PropertyValueSpecification","valueRequired":true,"valueName":"search_term_string"}}],"inLanguage":"en-GB"},{"@type":"Organization","@id":"https:\/\/www.azza-services.com\/#organization","name":"Services","url":"https:\/\/www.azza-services.com\/","logo":{"@type":"ImageObject","inLanguage":"en-GB","@id":"https:\/\/www.azza-services.com\/#\/schema\/logo\/image\/","url":"https:\/\/www.azza-services.com\/wp-content\/uploads\/2023\/11\/cropped-SYMBOLE_NUDE-2.jpg","contentUrl":"https:\/\/www.azza-services.com\/wp-content\/uploads\/2023\/11\/cropped-SYMBOLE_NUDE-2.jpg","width":512,"height":512,"caption":"Services"},"image":{"@id":"https:\/\/www.azza-services.com\/#\/schema\/logo\/image\/"}}]}},"_links":{"self":[{"href":"https:\/\/www.azza-services.com\/en\/wp-json\/wp\/v2\/pages\/3502","targetHints":{"allow":["GET"]}}],"collection":[{"href":"https:\/\/www.azza-services.com\/en\/wp-json\/wp\/v2\/pages"}],"about":[{"href":"https:\/\/www.azza-services.com\/en\/wp-json\/wp\/v2\/types\/page"}],"author":[{"embeddable":true,"href":"https:\/\/www.azza-services.com\/en\/wp-json\/wp\/v2\/users\/1"}],"replies":[{"embeddable":true,"href":"https:\/\/www.azza-services.com\/en\/wp-json\/wp\/v2\/comments?post=3502"}],"version-history":[{"count":67,"href":"https:\/\/www.azza-services.com\/en\/wp-json\/wp\/v2\/pages\/3502\/revisions"}],"predecessor-version":[{"id":4467,"href":"https:\/\/www.azza-services.com\/en\/wp-json\/wp\/v2\/pages\/3502\/revisions\/4467"}],"wp:attachment":[{"href":"https:\/\/www.azza-services.com\/en\/wp-json\/wp\/v2\/media?parent=3502"}],"curies":[{"name":"wp","href":"https:\/\/api.w.org\/{rel}","templated":true}]}}